{"id":870,"date":"2021-05-04T11:32:51","date_gmt":"2021-05-04T11:32:51","guid":{"rendered":"https:\/\/the7.io\/winery\/?page_id=870"},"modified":"2023-05-12T10:44:59","modified_gmt":"2023-05-12T08:44:59","slug":"ueber-uns","status":"publish","type":"page","link":"https:\/\/schellenberghaus.de\/?page_id=870","title":{"rendered":"\u00dcber Uns"},"content":{"rendered":"\t\t<div data-elementor-type=\"wp-page\" data-elementor-id=\"870\" class=\"elementor elementor-870\">\n\t\t\t\t\t\t\t\t\t<section class=\"elementor-section elementor-top-section elementor-element elementor-element-1260e26 elementor-section-height-min-height elementor-section-items-stretch elementor-section-content-middle elementor-reverse-mobile elementor-section-boxed elementor-section-height-default\" data-id=\"1260e26\" data-element_type=\"section\">\n\t\t\t\t\t\t<div class=\"elementor-container elementor-column-gap-no\">\n\t\t\t\t\t<div class=\"elementor-column elementor-col-100 elementor-top-column elementor-element elementor-element-38fbb74\" data-id=\"38fbb74\" data-element_type=\"column\">\n\t\t\t<div class=\"elementor-widget-wrap elementor-element-populated\">\n\t\t\t\t\t\t\t\t<section class=\"elementor-section elementor-inner-section elementor-element elementor-element-4d2a3d4 elementor-section-boxed elementor-section-height-default elementor-section-height-default\" data-id=\"4d2a3d4\" data-element_type=\"section\">\n\t\t\t\t\t\t<div class=\"elementor-container elementor-column-gap-wide\">\n\t\t\t\t\t<div class=\"elementor-column elementor-col-50 elementor-inner-column elementor-element elementor-element-407980a\" data-id=\"407980a\" data-element_type=\"column\">\n\t\t\t<div class=\"elementor-widget-wrap elementor-element-populated\">\n\t\t\t\t\t\t\t\t<div class=\"elementor-element elementor-element-450c10a elementor-widget elementor-widget-image\" data-id=\"450c10a\" data-element_type=\"widget\" data-widget_type=\"image.default\">\n\t\t\t\t<div class=\"elementor-widget-container\">\n\t\t\t\t\t\t\t\t\t\t\t\t\t\t\t<img decoding=\"async\" width=\"640\" height=\"460\" src=\"https:\/\/schellenberghaus.de\/wp-content\/uploads\/2023\/01\/DSC0669_portrait.jpeg\" class=\"attachment-full size-full wp-image-3385\" alt=\"\" loading=\"lazy\" srcset=\"https:\/\/schellenberghaus.de\/wp-content\/uploads\/2023\/01\/DSC0669_portrait.jpeg 640w, https:\/\/schellenberghaus.de\/wp-content\/uploads\/2023\/01\/DSC0669_portrait-300x216.jpeg 300w\" sizes=\"(max-width: 640px) 100vw, 640px\" \/>\t\t\t\t\t\t\t\t\t\t\t\t\t\t\t<\/div>\n\t\t\t\t<\/div>\n\t\t\t\t<div class=\"elementor-element elementor-element-25d4b98 elementor-widget elementor-widget-image\" data-id=\"25d4b98\" data-element_type=\"widget\" data-widget_type=\"image.default\">\n\t\t\t\t<div class=\"elementor-widget-container\">\n\t\t\t\t\t\t\t\t\t\t\t\t\t\t\t<img decoding=\"async\" width=\"640\" height=\"480\" src=\"https:\/\/schellenberghaus.de\/wp-content\/uploads\/2023\/01\/506.jpeg\" class=\"attachment-full size-full wp-image-3387\" alt=\"\" loading=\"lazy\" srcset=\"https:\/\/schellenberghaus.de\/wp-content\/uploads\/2023\/01\/506.jpeg 640w, https:\/\/schellenberghaus.de\/wp-content\/uploads\/2023\/01\/506-300x225.jpeg 300w\" sizes=\"(max-width: 640px) 100vw, 640px\" \/>\t\t\t\t\t\t\t\t\t\t\t\t\t\t\t<\/div>\n\t\t\t\t<\/div>\n\t\t\t\t\t<\/div>\n\t\t<\/div>\n\t\t\t\t<div class=\"elementor-column elementor-col-50 elementor-inner-column elementor-element elementor-element-08eae4f\" data-id=\"08eae4f\" data-element_type=\"column\">\n\t\t\t<div class=\"elementor-widget-wrap elementor-element-populated\">\n\t\t\t\t\t\t\t\t<div class=\"elementor-element elementor-element-65fccc4 elementor-widget elementor-widget-heading\" data-id=\"65fccc4\" data-element_type=\"widget\" data-widget_type=\"heading.default\">\n\t\t\t\t<div class=\"elementor-widget-container\">\n\t\t\t<h5 class=\"elementor-heading-title elementor-size-default\">Familie Fischer ein<\/h5>\t\t<\/div>\n\t\t\t\t<\/div>\n\t\t\t\t<div class=\"elementor-element elementor-element-3eb8eea elementor-widget elementor-widget-spacer\" data-id=\"3eb8eea\" data-element_type=\"widget\" data-widget_type=\"spacer.default\">\n\t\t\t\t<div class=\"elementor-widget-container\">\n\t\t\t\t\t<div class=\"elementor-spacer\">\n\t\t\t<div class=\"elementor-spacer-inner\"><\/div>\n\t\t<\/div>\n\t\t\t\t<\/div>\n\t\t\t\t<\/div>\n\t\t\t\t<div class=\"elementor-element elementor-element-8c9107a elementor-widget elementor-widget-heading\" data-id=\"8c9107a\" data-element_type=\"widget\" data-widget_type=\"heading.default\">\n\t\t\t\t<div class=\"elementor-widget-container\">\n\t\t\t<h3 class=\"elementor-heading-title elementor-size-default\">Familienunternehmen<\/h3>\t\t<\/div>\n\t\t\t\t<\/div>\n\t\t\t\t<div class=\"elementor-element elementor-element-0321a76 elementor-widget elementor-widget-spacer\" data-id=\"0321a76\" data-element_type=\"widget\" data-widget_type=\"spacer.default\">\n\t\t\t\t<div class=\"elementor-widget-container\">\n\t\t\t\t\t<div class=\"elementor-spacer\">\n\t\t\t<div class=\"elementor-spacer-inner\"><\/div>\n\t\t<\/div>\n\t\t\t\t<\/div>\n\t\t\t\t<\/div>\n\t\t\t\t<div class=\"elementor-element elementor-element-0f34490 elementor-widget elementor-widget-text-editor\" data-id=\"0f34490\" data-element_type=\"widget\" data-widget_type=\"text-editor.default\">\n\t\t\t\t<div class=\"elementor-widget-container\">\n\t\t\t\t\t\t\t<div class=\"w-full border-b border-black\/10 dark:border-gray-900\/50 text-gray-800 dark:text-gray-100 group bg-gray-50 dark:bg-[#444654]\"><div class=\"text-base gap-4 md:gap-6 m-auto md:max-w-2xl lg:max-w-2xl xl:max-w-3xl p-4 md:py-6 flex lg:px-0\"><div class=\"relative flex w-[calc(100%-50px)] md:flex-col lg:w-[calc(100%-115px)]\"><div class=\"flex flex-grow flex-col gap-3\"><div class=\"min-h-[20px] flex flex-col items-start gap-4 whitespace-pre-wrap\"><div class=\"markdown prose w-full break-words dark:prose-invert dark\"><p>Wir betreiben das Schellenberghaus in Simbach am Inn bereits seit vielen Jahren erfolgreich als Familienunternehmen. Unser Restaurant wurde von uns gegr\u00fcndet und wird bis heute von uns gef\u00fchrt. Wir legen gro\u00dfen Wert auf die Zubereitung traditioneller frischer K\u00fcche und auf einen hervorragenden Service. Unser Team besteht aus erfahrenen und engagierten Mitarbeitern, die daf\u00fcr sorgen, dass sich unsere G\u00e4ste rundum wohl f\u00fchlen. Wir sind stolz darauf, unseren G\u00e4sten ein einzigartiges Erlebnis in einer gem\u00fctlichen und authentischen Umgebung zu bieten.<\/p><\/div><\/div><\/div><div class=\"text-gray-400 flex self-end lg:self-center justify-center mt-2 gap-4 lg:gap-1 lg:absolute lg:top-0 lg:translate-x-full lg:right-0 lg:mt-0 lg:pl-2 visible\">\u00a0<\/div><\/div><\/div><\/div>\t\t\t\t\t\t<\/div>\n\t\t\t\t<\/div>\n\t\t\t\t<div class=\"elementor-element elementor-element-88bd963 elementor-widget elementor-widget-spacer\" data-id=\"88bd963\" data-element_type=\"widget\" data-widget_type=\"spacer.default\">\n\t\t\t\t<div class=\"elementor-widget-container\">\n\t\t\t\t\t<div class=\"elementor-spacer\">\n\t\t\t<div class=\"elementor-spacer-inner\"><\/div>\n\t\t<\/div>\n\t\t\t\t<\/div>\n\t\t\t\t<\/div>\n\t\t\t\t\t<\/div>\n\t\t<\/div>\n\t\t\t\t\t\t\t<\/div>\n\t\t<\/section>\n\t\t\t\t\t<\/div>\n\t\t<\/div>\n\t\t\t\t\t\t\t<\/div>\n\t\t<\/section>\n\t\t\t\t<section class=\"elementor-section elementor-top-section elementor-element elementor-element-2ced189 elementor-section-height-min-height elementor-section-items-stretch elementor-section-boxed elementor-section-height-default\" data-id=\"2ced189\" data-element_type=\"section\" data-settings=\"{&quot;background_background&quot;:&quot;classic&quot;,&quot;background_motion_fx_motion_fx_scrolling&quot;:&quot;yes&quot;,&quot;background_motion_fx_translateY_effect&quot;:&quot;yes&quot;,&quot;background_motion_fx_translateY_speed&quot;:{&quot;unit&quot;:&quot;px&quot;,&quot;size&quot;:8,&quot;sizes&quot;:[]},&quot;background_motion_fx_translateY_affectedRange&quot;:{&quot;unit&quot;:&quot;%&quot;,&quot;size&quot;:&quot;&quot;,&quot;sizes&quot;:{&quot;start&quot;:0,&quot;end&quot;:100}},&quot;background_motion_fx_devices&quot;:[&quot;desktop&quot;,&quot;tablet&quot;,&quot;mobile&quot;]}\">\n\t\t\t\t\t\t\t<div class=\"elementor-background-overlay\"><\/div>\n\t\t\t\t\t\t\t<div class=\"elementor-container elementor-column-gap-wide\">\n\t\t\t\t\t<div class=\"elementor-column elementor-col-100 elementor-top-column elementor-element elementor-element-8f59a83\" data-id=\"8f59a83\" data-element_type=\"column\">\n\t\t\t<div class=\"elementor-widget-wrap elementor-element-populated\">\n\t\t\t\t\t\t\t\t<div class=\"elementor-element elementor-element-2f52431 elementor-widget elementor-widget-heading\" data-id=\"2f52431\" data-element_type=\"widget\" data-widget_type=\"heading.default\">\n\t\t\t\t<div class=\"elementor-widget-container\">\n\t\t\t<h2 class=\"elementor-heading-title elementor-size-default\"><a href=\"https:\/\/schellenberghaus.de\/?page_id=3630\">Inspiriert von den vier Jahreszeiten<\/a><\/h2>\t\t<\/div>\n\t\t\t\t<\/div>\n\t\t\t\t<div class=\"elementor-element elementor-element-87411e4 elementor-widget elementor-widget-spacer\" data-id=\"87411e4\" data-element_type=\"widget\" data-widget_type=\"spacer.default\">\n\t\t\t\t<div class=\"elementor-widget-container\">\n\t\t\t\t\t<div class=\"elementor-spacer\">\n\t\t\t<div class=\"elementor-spacer-inner\"><\/div>\n\t\t<\/div>\n\t\t\t\t<\/div>\n\t\t\t\t<\/div>\n\t\t\t\t<div class=\"elementor-element elementor-element-820db25 elementor-widget elementor-widget-text-editor\" data-id=\"820db25\" data-element_type=\"widget\" data-widget_type=\"text-editor.default\">\n\t\t\t\t<div class=\"elementor-widget-container\">\n\t\t\t\t\t\t\t<p>Unser Restaurant ist spezialisiert auf traditionelle, regionale und saisonale K\u00fcche, vegetarische Gerichte nach Tagesangebot.<\/p>\t\t\t\t\t\t<\/div>\n\t\t\t\t<\/div>\n\t\t\t\t\t<\/div>\n\t\t<\/div>\n\t\t\t\t\t\t\t<\/div>\n\t\t<\/section>\n\t\t\t\t\t\t\t<\/div>\n\t\t","protected":false},"excerpt":{"rendered":"<p>Familie Fischer ein Familienunternehmen Wir betreiben das Schellenberghaus in Simbach am Inn bereits seit vielen Jahren erfolgreich als Familienunternehmen. Unser Restaurant wurde von uns gegr\u00fcndet und wird bis heute von uns gef\u00fchrt. Wir legen gro\u00dfen Wert auf die Zubereitung traditioneller frischer K\u00fcche und auf einen hervorragenden Service. Unser Team besteht aus erfahrenen und engagierten Mitarbeitern,&hellip;<\/p>\n","protected":false},"author":1,"featured_media":3490,"parent":0,"menu_order":0,"comment_status":"closed","ping_status":"closed","template":"elementor_header_footer","meta":[],"yoast_head":"<!-- This site is optimized with the Yoast SEO plugin v20.2 - https:\/\/yoast.com\/wordpress\/plugins\/seo\/ -->\n<title>\u00dcber Uns - Schellenberghaus<\/title>\n<meta name=\"robots\" content=\"index, follow, max-snippet:-1, max-image-preview:large, max-video-preview:-1\" \/>\n<link rel=\"canonical\" href=\"https:\/\/schellenberghaus.de\/?page_id=870\" \/>\n<meta property=\"og:locale\" content=\"de_DE\" \/>\n<meta property=\"og:type\" content=\"article\" \/>\n<meta property=\"og:title\" content=\"\u00dcber Uns - Schellenberghaus\" \/>\n<meta property=\"og:description\" content=\"Familie Fischer ein Familienunternehmen Wir betreiben das Schellenberghaus in Simbach am Inn bereits seit vielen Jahren erfolgreich als Familienunternehmen. Unser Restaurant wurde von uns gegr\u00fcndet und wird bis heute von uns gef\u00fchrt. Wir legen gro\u00dfen Wert auf die Zubereitung traditioneller frischer K\u00fcche und auf einen hervorragenden Service. Unser Team besteht aus erfahrenen und engagierten Mitarbeitern,&hellip;\" \/>\n<meta property=\"og:url\" content=\"https:\/\/schellenberghaus.de\/?page_id=870\" \/>\n<meta property=\"og:site_name\" content=\"Schellenberghaus\" \/>\n<meta property=\"article:modified_time\" content=\"2023-05-12T08:44:59+00:00\" \/>\n<meta property=\"og:image\" content=\"https:\/\/schellenberghaus.de\/wp-content\/uploads\/2023\/01\/IMG_8822-1.jpeg\" \/>\n\t<meta property=\"og:image:width\" content=\"640\" \/>\n\t<meta property=\"og:image:height\" content=\"427\" \/>\n\t<meta property=\"og:image:type\" content=\"image\/jpeg\" \/>\n<meta name=\"twitter:card\" content=\"summary_large_image\" \/>\n<meta name=\"twitter:label1\" content=\"Gesch\u00e4tzte Lesezeit\" \/>\n\t<meta name=\"twitter:data1\" content=\"1 Minute\" \/>\n<script type=\"application\/ld+json\" class=\"yoast-schema-graph\">{\"@context\":\"https:\/\/schema.org\",\"@graph\":[{\"@type\":\"WebPage\",\"@id\":\"https:\/\/schellenberghaus.de\/?page_id=870\",\"url\":\"https:\/\/schellenberghaus.de\/?page_id=870\",\"name\":\"\u00dcber Uns - Schellenberghaus\",\"isPartOf\":{\"@id\":\"https:\/\/schellenberghaus.de\/#website\"},\"datePublished\":\"2021-05-04T11:32:51+00:00\",\"dateModified\":\"2023-05-12T08:44:59+00:00\",\"breadcrumb\":{\"@id\":\"https:\/\/schellenberghaus.de\/?page_id=870#breadcrumb\"},\"inLanguage\":\"de-DE\",\"potentialAction\":[{\"@type\":\"ReadAction\",\"target\":[\"https:\/\/schellenberghaus.de\/?page_id=870\"]}]},{\"@type\":\"BreadcrumbList\",\"@id\":\"https:\/\/schellenberghaus.de\/?page_id=870#breadcrumb\",\"itemListElement\":[{\"@type\":\"ListItem\",\"position\":1,\"name\":\"Startseite\",\"item\":\"https:\/\/schellenberghaus.de\/\"},{\"@type\":\"ListItem\",\"position\":2,\"name\":\"\u00dcber Uns\"}]},{\"@type\":\"WebSite\",\"@id\":\"https:\/\/schellenberghaus.de\/#website\",\"url\":\"https:\/\/schellenberghaus.de\/\",\"name\":\"Schellenberghaus\",\"description\":\"\",\"publisher\":{\"@id\":\"https:\/\/schellenberghaus.de\/#organization\"},\"potentialAction\":[{\"@type\":\"SearchAction\",\"target\":{\"@type\":\"EntryPoint\",\"urlTemplate\":\"https:\/\/schellenberghaus.de\/?s={search_term_string}\"},\"query-input\":\"required name=search_term_string\"}],\"inLanguage\":\"de-DE\"},{\"@type\":\"Organization\",\"@id\":\"https:\/\/schellenberghaus.de\/#organization\",\"name\":\"Schellenberghaus\",\"url\":\"https:\/\/schellenberghaus.de\/\",\"logo\":{\"@type\":\"ImageObject\",\"inLanguage\":\"de-DE\",\"@id\":\"https:\/\/schellenberghaus.de\/#\/schema\/logo\/image\/\",\"url\":\"https:\/\/schellenberghaus.de\/wp-content\/uploads\/2023\/01\/Schellenberg_logo_platzhalter_weiss.png\",\"contentUrl\":\"https:\/\/schellenberghaus.de\/wp-content\/uploads\/2023\/01\/Schellenberg_logo_platzhalter_weiss.png\",\"width\":229,\"height\":150,\"caption\":\"Schellenberghaus\"},\"image\":{\"@id\":\"https:\/\/schellenberghaus.de\/#\/schema\/logo\/image\/\"}}]}<\/script>\n<!-- \/ Yoast SEO plugin. -->","yoast_head_json":{"title":"\u00dcber Uns - Schellenberghaus","robots":{"index":"index","follow":"follow","max-snippet":"max-snippet:-1","max-image-preview":"max-image-preview:large","max-video-preview":"max-video-preview:-1"},"canonical":"https:\/\/schellenberghaus.de\/?page_id=870","og_locale":"de_DE","og_type":"article","og_title":"\u00dcber Uns - Schellenberghaus","og_description":"Familie Fischer ein Familienunternehmen Wir betreiben das Schellenberghaus in Simbach am Inn bereits seit vielen Jahren erfolgreich als Familienunternehmen. Unser Restaurant wurde von uns gegr\u00fcndet und wird bis heute von uns gef\u00fchrt. Wir legen gro\u00dfen Wert auf die Zubereitung traditioneller frischer K\u00fcche und auf einen hervorragenden Service. Unser Team besteht aus erfahrenen und engagierten Mitarbeitern,&hellip;","og_url":"https:\/\/schellenberghaus.de\/?page_id=870","og_site_name":"Schellenberghaus","article_modified_time":"2023-05-12T08:44:59+00:00","og_image":[{"width":640,"height":427,"url":"https:\/\/schellenberghaus.de\/wp-content\/uploads\/2023\/01\/IMG_8822-1.jpeg","type":"image\/jpeg"}],"twitter_card":"summary_large_image","twitter_misc":{"Gesch\u00e4tzte Lesezeit":"1 Minute"},"schema":{"@context":"https:\/\/schema.org","@graph":[{"@type":"WebPage","@id":"https:\/\/schellenberghaus.de\/?page_id=870","url":"https:\/\/schellenberghaus.de\/?page_id=870","name":"\u00dcber Uns - Schellenberghaus","isPartOf":{"@id":"https:\/\/schellenberghaus.de\/#website"},"datePublished":"2021-05-04T11:32:51+00:00","dateModified":"2023-05-12T08:44:59+00:00","breadcrumb":{"@id":"https:\/\/schellenberghaus.de\/?page_id=870#breadcrumb"},"inLanguage":"de-DE","potentialAction":[{"@type":"ReadAction","target":["https:\/\/schellenberghaus.de\/?page_id=870"]}]},{"@type":"BreadcrumbList","@id":"https:\/\/schellenberghaus.de\/?page_id=870#breadcrumb","itemListElement":[{"@type":"ListItem","position":1,"name":"Startseite","item":"https:\/\/schellenberghaus.de\/"},{"@type":"ListItem","position":2,"name":"\u00dcber Uns"}]},{"@type":"WebSite","@id":"https:\/\/schellenberghaus.de\/#website","url":"https:\/\/schellenberghaus.de\/","name":"Schellenberghaus","description":"","publisher":{"@id":"https:\/\/schellenberghaus.de\/#organization"},"potentialAction":[{"@type":"SearchAction","target":{"@type":"EntryPoint","urlTemplate":"https:\/\/schellenberghaus.de\/?s={search_term_string}"},"query-input":"required name=search_term_string"}],"inLanguage":"de-DE"},{"@type":"Organization","@id":"https:\/\/schellenberghaus.de\/#organization","name":"Schellenberghaus","url":"https:\/\/schellenberghaus.de\/","logo":{"@type":"ImageObject","inLanguage":"de-DE","@id":"https:\/\/schellenberghaus.de\/#\/schema\/logo\/image\/","url":"https:\/\/schellenberghaus.de\/wp-content\/uploads\/2023\/01\/Schellenberg_logo_platzhalter_weiss.png","contentUrl":"https:\/\/schellenberghaus.de\/wp-content\/uploads\/2023\/01\/Schellenberg_logo_platzhalter_weiss.png","width":229,"height":150,"caption":"Schellenberghaus"},"image":{"@id":"https:\/\/schellenberghaus.de\/#\/schema\/logo\/image\/"}}]}},"_links":{"self":[{"href":"https:\/\/schellenberghaus.de\/index.php?rest_route=\/wp\/v2\/pages\/870"}],"collection":[{"href":"https:\/\/schellenberghaus.de\/index.php?rest_route=\/wp\/v2\/pages"}],"about":[{"href":"https:\/\/schellenberghaus.de\/index.php?rest_route=\/wp\/v2\/types\/page"}],"author":[{"embeddable":true,"href":"https:\/\/schellenberghaus.de\/index.php?rest_route=\/wp\/v2\/users\/1"}],"replies":[{"embeddable":true,"href":"https:\/\/schellenberghaus.de\/index.php?rest_route=%2Fwp%2Fv2%2Fcomments&post=870"}],"version-history":[{"count":27,"href":"https:\/\/schellenberghaus.de\/index.php?rest_route=\/wp\/v2\/pages\/870\/revisions"}],"predecessor-version":[{"id":3911,"href":"https:\/\/schellenberghaus.de\/index.php?rest_route=\/wp\/v2\/pages\/870\/revisions\/3911"}],"wp:featuredmedia":[{"embeddable":true,"href":"https:\/\/schellenberghaus.de\/index.php?rest_route=\/wp\/v2\/media\/3490"}],"wp:attachment":[{"href":"https:\/\/schellenberghaus.de\/index.php?rest_route=%2Fwp%2Fv2%2Fmedia&parent=870"}],"curies":[{"name":"wp","href":"https:\/\/api.w.org\/{rel}","templated":true}]}}