{"id":3499,"date":"2023-01-24T14:54:24","date_gmt":"2023-01-24T13:54:24","guid":{"rendered":"https:\/\/schellenberghaus.de\/?page_id=3499"},"modified":"2023-05-12T10:45:53","modified_gmt":"2023-05-12T08:45:53","slug":"anfahrt","status":"publish","type":"page","link":"https:\/\/schellenberghaus.de\/?page_id=3499","title":{"rendered":"Anfahrt"},"content":{"rendered":"\t\t<div data-elementor-type=\"wp-page\" data-elementor-id=\"3499\" class=\"elementor elementor-3499\">\n\t\t\t\t\t\t\t\t\t<section class=\"elementor-section elementor-top-section elementor-element elementor-element-c2e0e69 elementor-section-full_width elementor-section-height-min-height elementor-section-height-default elementor-section-items-middle\" data-id=\"c2e0e69\" data-element_type=\"section\">\n\t\t\t\t\t\t<div class=\"elementor-container elementor-column-gap-no\">\n\t\t\t\t\t<div class=\"elementor-column elementor-col-50 elementor-top-column elementor-element elementor-element-102d08d\" data-id=\"102d08d\" data-element_type=\"column\">\n\t\t\t<div class=\"elementor-widget-wrap elementor-element-populated\">\n\t\t\t\t\t\t\t\t<section class=\"elementor-section elementor-inner-section elementor-element elementor-element-f986784 elementor-section-full_width elementor-section-height-min-height elementor-section-height-default\" data-id=\"f986784\" data-element_type=\"section\">\n\t\t\t\t\t\t<div class=\"elementor-container elementor-column-gap-no\">\n\t\t\t\t\t<div class=\"elementor-column elementor-col-100 elementor-inner-column elementor-element elementor-element-f178958\" data-id=\"f178958\" data-element_type=\"column\">\n\t\t\t<div class=\"elementor-widget-wrap elementor-element-populated\">\n\t\t\t\t\t\t\t\t<div class=\"elementor-element elementor-element-e92bbc8 elementor-widget elementor-widget-google_maps\" data-id=\"e92bbc8\" data-element_type=\"widget\" data-widget_type=\"google_maps.default\">\n\t\t\t\t<div class=\"elementor-widget-container\">\n\t\t\t\t\t<div class=\"elementor-custom-embed\">\n\t\t\t<iframe loading=\"lazy\"\n\t\t\t\t\tsrc=\"https:\/\/maps.google.com\/maps?q=Schellenberghaus%2C%2084359%20Simbach%20am%20Inn%2C%20Deutschland&#038;t=m&#038;z=10&#038;output=embed&#038;iwloc=near\"\n\t\t\t\t\ttitle=\"Schellenberghaus, 84359 Simbach am Inn, Deutschland\"\n\t\t\t\t\taria-label=\"Schellenberghaus, 84359 Simbach am Inn, Deutschland\"\n\t\t\t><\/iframe>\n\t\t<\/div>\n\t\t\t\t<\/div>\n\t\t\t\t<\/div>\n\t\t\t\t\t<\/div>\n\t\t<\/div>\n\t\t\t\t\t\t\t<\/div>\n\t\t<\/section>\n\t\t\t\t\t<\/div>\n\t\t<\/div>\n\t\t\t\t<div class=\"elementor-column elementor-col-50 elementor-top-column elementor-element elementor-element-66eae40\" data-id=\"66eae40\" data-element_type=\"column\">\n\t\t\t<div class=\"elementor-widget-wrap elementor-element-populated\">\n\t\t\t\t\t\t\t\t<section class=\"elementor-section elementor-inner-section elementor-element elementor-element-ddf7d85 elementor-section-full_width elementor-section-height-min-height elementor-section-height-default\" data-id=\"ddf7d85\" data-element_type=\"section\">\n\t\t\t\t\t\t<div class=\"elementor-container elementor-column-gap-default\">\n\t\t\t\t\t<div class=\"elementor-column elementor-col-100 elementor-inner-column elementor-element elementor-element-12b8b0e\" data-id=\"12b8b0e\" data-element_type=\"column\">\n\t\t\t<div class=\"elementor-widget-wrap elementor-element-populated\">\n\t\t\t\t\t\t\t\t<section class=\"elementor-section elementor-inner-section elementor-element elementor-element-a686c65 elementor-section-boxed elementor-section-height-default elementor-section-height-default\" data-id=\"a686c65\" data-element_type=\"section\">\n\t\t\t\t\t\t<div class=\"elementor-container elementor-column-gap-wide\">\n\t\t\t\t\t<div class=\"elementor-column elementor-col-100 elementor-inner-column elementor-element elementor-element-1d6fd8b\" data-id=\"1d6fd8b\" data-element_type=\"column\">\n\t\t\t<div class=\"elementor-widget-wrap elementor-element-populated\">\n\t\t\t\t\t\t\t\t<div class=\"elementor-element elementor-element-8a60f29 elementor-widget elementor-widget-heading\" data-id=\"8a60f29\" data-element_type=\"widget\" data-widget_type=\"heading.default\">\n\t\t\t\t<div class=\"elementor-widget-container\">\n\t\t\t<h5 class=\"elementor-heading-title elementor-size-default\">Anfahrt<\/h5>\t\t<\/div>\n\t\t\t\t<\/div>\n\t\t\t\t<div class=\"elementor-element elementor-element-04caf38 elementor-widget elementor-widget-spacer\" data-id=\"04caf38\" data-element_type=\"widget\" data-widget_type=\"spacer.default\">\n\t\t\t\t<div class=\"elementor-widget-container\">\n\t\t\t\t\t<div class=\"elementor-spacer\">\n\t\t\t<div class=\"elementor-spacer-inner\"><\/div>\n\t\t<\/div>\n\t\t\t\t<\/div>\n\t\t\t\t<\/div>\n\t\t\t\t<div class=\"elementor-element elementor-element-02748b6 elementor-widget elementor-widget-heading\" data-id=\"02748b6\" data-element_type=\"widget\" data-widget_type=\"heading.default\">\n\t\t\t\t<div class=\"elementor-widget-container\">\n\t\t\t<h3 class=\"elementor-heading-title elementor-size-default\">Das Schellenberghaus ist auch gut mit dem Auto erreichbar<\/h3>\t\t<\/div>\n\t\t\t\t<\/div>\n\t\t\t\t<div class=\"elementor-element elementor-element-bd789a8 elementor-widget elementor-widget-spacer\" data-id=\"bd789a8\" data-element_type=\"widget\" data-widget_type=\"spacer.default\">\n\t\t\t\t<div class=\"elementor-widget-container\">\n\t\t\t\t\t<div class=\"elementor-spacer\">\n\t\t\t<div class=\"elementor-spacer-inner\"><\/div>\n\t\t<\/div>\n\t\t\t\t<\/div>\n\t\t\t\t<\/div>\n\t\t\t\t<div class=\"elementor-element elementor-element-e5ad9a2 elementor-widget elementor-widget-text-editor\" data-id=\"e5ad9a2\" data-element_type=\"widget\" data-widget_type=\"text-editor.default\">\n\t\t\t\t<div class=\"elementor-widget-container\">\n\t\t\t\t\t\t\t<p style=\"font-weight: 400;\">Das Schellenberghaus ist auch gut mit dem Auto erreichbar.<\/p><p style=\"font-weight: 400;\">Zufahrt f\u00fcr Taxi und Lieferanten ganzj\u00e4hrig m\u00f6glich.<\/p><p style=\"font-weight: 400;\">Zufahrt f\u00fcr G\u00e4ste 1. Dez. bis 31. M\u00e4rz frei.<\/p><p style=\"font-weight: 400;\">\u00a0<\/p><p style=\"font-weight: 400;\">Manuelle Eingabe Navi:<\/p><p style=\"font-weight: 400;\">Wanderparkplatz Schellenbergkapelle ca. 15 Minuten\u00a0\u00a0\u00a0\u00a0\u00a0 \u00a0\u00a0\u00a0\u00a0\u00a0\u00a0\u00a0\u00a0\u00a0\u00a0\u00a0\u00a0 Engstall 2 in 84359 Simbach am Inn<\/p><p style=\"font-weight: 400;\">Parkplatz am Alten Pfarrhof ca. 25 Minuten\u00a0\u00a0\u00a0\u00a0\u00a0\u00a0\u00a0\u00a0 \u00a0\u00a0\u00a0\u00a0\u00a0\u00a0\u00a0\u00a0\u00a0\u00a0\u00a0\u00a0\u00a0\u00a0\u00a0\u00a0\u00a0\u00a0\u00a0\u00a0\u00a0\u00a0\u00a0\u00a0\u00a0\u00a0\u00a0\u00a0 Kirchberg 34 in 84359 Simbach am Inn<\/p>\t\t\t\t\t\t<\/div>\n\t\t\t\t<\/div>\n\t\t\t\t<div class=\"elementor-element elementor-element-939ceac elementor-align-left elementor-widget elementor-widget-the7_button_widget\" data-id=\"939ceac\" data-element_type=\"widget\" data-widget_type=\"the7_button_widget.default\">\n\t\t\t\t<div class=\"elementor-widget-container\">\n\t\t\t<div class=\"elementor-button-wrapper\"><a href=\"https:\/\/goo.gl\/maps\/bUkp4ehm1SRBqRcg9\" class=\"box-button elementor-button elementor-size-md\">Google Maps Route<i aria-hidden=\"true\" class=\"elementor-button-icon fas fa-map-pin\"><\/i><\/a><\/div>\t\t<\/div>\n\t\t\t\t<\/div>\n\t\t\t\t\t<\/div>\n\t\t<\/div>\n\t\t\t\t\t\t\t<\/div>\n\t\t<\/section>\n\t\t\t\t\t<\/div>\n\t\t<\/div>\n\t\t\t\t\t\t\t<\/div>\n\t\t<\/section>\n\t\t\t\t\t<\/div>\n\t\t<\/div>\n\t\t\t\t\t\t\t<\/div>\n\t\t<\/section>\n\t\t\t\t\t\t\t<\/div>\n\t\t","protected":false},"excerpt":{"rendered":"<p>Anfahrt Das Schellenberghaus ist auch gut mit dem Auto erreichbar Das Schellenberghaus ist auch gut mit dem Auto erreichbar. Zufahrt f\u00fcr Taxi und Lieferanten ganzj\u00e4hrig m\u00f6glich. Zufahrt f\u00fcr G\u00e4ste 1. Dez. bis 31. M\u00e4rz frei. \u00a0 Manuelle Eingabe Navi: Wanderparkplatz Schellenbergkapelle ca. 15 Minuten\u00a0\u00a0\u00a0\u00a0\u00a0 \u00a0\u00a0\u00a0\u00a0\u00a0\u00a0\u00a0\u00a0\u00a0\u00a0\u00a0\u00a0 Engstall 2 in 84359 Simbach am Inn Parkplatz am Alten&hellip;<\/p>\n","protected":false},"author":1,"featured_media":3485,"parent":0,"menu_order":0,"comment_status":"closed","ping_status":"closed","template":"elementor_header_footer","meta":[],"yoast_head":"<!-- This site is optimized with the Yoast SEO plugin v20.2 - https:\/\/yoast.com\/wordpress\/plugins\/seo\/ -->\n<title>Anfahrt - Schellenberghaus<\/title>\n<meta name=\"robots\" content=\"index, follow, max-snippet:-1, max-image-preview:large, max-video-preview:-1\" \/>\n<link rel=\"canonical\" href=\"https:\/\/schellenberghaus.de\/?page_id=3499\" \/>\n<meta property=\"og:locale\" content=\"de_DE\" \/>\n<meta property=\"og:type\" content=\"article\" \/>\n<meta property=\"og:title\" content=\"Anfahrt - Schellenberghaus\" \/>\n<meta property=\"og:description\" content=\"Anfahrt Das Schellenberghaus ist auch gut mit dem Auto erreichbar Das Schellenberghaus ist auch gut mit dem Auto erreichbar. Zufahrt f\u00fcr Taxi und Lieferanten ganzj\u00e4hrig m\u00f6glich. Zufahrt f\u00fcr G\u00e4ste 1. Dez. bis 31. M\u00e4rz frei. \u00a0 Manuelle Eingabe Navi: Wanderparkplatz Schellenbergkapelle ca. 15 Minuten\u00a0\u00a0\u00a0\u00a0\u00a0 \u00a0\u00a0\u00a0\u00a0\u00a0\u00a0\u00a0\u00a0\u00a0\u00a0\u00a0\u00a0 Engstall 2 in 84359 Simbach am Inn Parkplatz am Alten&hellip;\" \/>\n<meta property=\"og:url\" content=\"https:\/\/schellenberghaus.de\/?page_id=3499\" \/>\n<meta property=\"og:site_name\" content=\"Schellenberghaus\" \/>\n<meta property=\"article:modified_time\" content=\"2023-05-12T08:45:53+00:00\" \/>\n<meta property=\"og:image\" content=\"https:\/\/schellenberghaus.de\/wp-content\/uploads\/2023\/01\/Aussicht-1-1.jpeg\" \/>\n\t<meta property=\"og:image:width\" content=\"640\" \/>\n\t<meta property=\"og:image:height\" content=\"480\" \/>\n\t<meta property=\"og:image:type\" content=\"image\/jpeg\" \/>\n<meta name=\"twitter:card\" content=\"summary_large_image\" \/>\n<meta name=\"twitter:label1\" content=\"Gesch\u00e4tzte Lesezeit\" \/>\n\t<meta name=\"twitter:data1\" content=\"1 Minute\" \/>\n<script type=\"application\/ld+json\" class=\"yoast-schema-graph\">{\"@context\":\"https:\/\/schema.org\",\"@graph\":[{\"@type\":\"WebPage\",\"@id\":\"https:\/\/schellenberghaus.de\/?page_id=3499\",\"url\":\"https:\/\/schellenberghaus.de\/?page_id=3499\",\"name\":\"Anfahrt - Schellenberghaus\",\"isPartOf\":{\"@id\":\"https:\/\/schellenberghaus.de\/#website\"},\"datePublished\":\"2023-01-24T13:54:24+00:00\",\"dateModified\":\"2023-05-12T08:45:53+00:00\",\"breadcrumb\":{\"@id\":\"https:\/\/schellenberghaus.de\/?page_id=3499#breadcrumb\"},\"inLanguage\":\"de-DE\",\"potentialAction\":[{\"@type\":\"ReadAction\",\"target\":[\"https:\/\/schellenberghaus.de\/?page_id=3499\"]}]},{\"@type\":\"BreadcrumbList\",\"@id\":\"https:\/\/schellenberghaus.de\/?page_id=3499#breadcrumb\",\"itemListElement\":[{\"@type\":\"ListItem\",\"position\":1,\"name\":\"Startseite\",\"item\":\"https:\/\/schellenberghaus.de\/\"},{\"@type\":\"ListItem\",\"position\":2,\"name\":\"Anfahrt\"}]},{\"@type\":\"WebSite\",\"@id\":\"https:\/\/schellenberghaus.de\/#website\",\"url\":\"https:\/\/schellenberghaus.de\/\",\"name\":\"Schellenberghaus\",\"description\":\"\",\"publisher\":{\"@id\":\"https:\/\/schellenberghaus.de\/#organization\"},\"potentialAction\":[{\"@type\":\"SearchAction\",\"target\":{\"@type\":\"EntryPoint\",\"urlTemplate\":\"https:\/\/schellenberghaus.de\/?s={search_term_string}\"},\"query-input\":\"required name=search_term_string\"}],\"inLanguage\":\"de-DE\"},{\"@type\":\"Organization\",\"@id\":\"https:\/\/schellenberghaus.de\/#organization\",\"name\":\"Schellenberghaus\",\"url\":\"https:\/\/schellenberghaus.de\/\",\"logo\":{\"@type\":\"ImageObject\",\"inLanguage\":\"de-DE\",\"@id\":\"https:\/\/schellenberghaus.de\/#\/schema\/logo\/image\/\",\"url\":\"https:\/\/schellenberghaus.de\/wp-content\/uploads\/2023\/01\/Schellenberg_logo_platzhalter_weiss.png\",\"contentUrl\":\"https:\/\/schellenberghaus.de\/wp-content\/uploads\/2023\/01\/Schellenberg_logo_platzhalter_weiss.png\",\"width\":229,\"height\":150,\"caption\":\"Schellenberghaus\"},\"image\":{\"@id\":\"https:\/\/schellenberghaus.de\/#\/schema\/logo\/image\/\"}}]}<\/script>\n<!-- \/ Yoast SEO plugin. -->","yoast_head_json":{"title":"Anfahrt - Schellenberghaus","robots":{"index":"index","follow":"follow","max-snippet":"max-snippet:-1","max-image-preview":"max-image-preview:large","max-video-preview":"max-video-preview:-1"},"canonical":"https:\/\/schellenberghaus.de\/?page_id=3499","og_locale":"de_DE","og_type":"article","og_title":"Anfahrt - Schellenberghaus","og_description":"Anfahrt Das Schellenberghaus ist auch gut mit dem Auto erreichbar Das Schellenberghaus ist auch gut mit dem Auto erreichbar. Zufahrt f\u00fcr Taxi und Lieferanten ganzj\u00e4hrig m\u00f6glich. Zufahrt f\u00fcr G\u00e4ste 1. Dez. bis 31. M\u00e4rz frei. \u00a0 Manuelle Eingabe Navi: Wanderparkplatz Schellenbergkapelle ca. 15 Minuten\u00a0\u00a0\u00a0\u00a0\u00a0 \u00a0\u00a0\u00a0\u00a0\u00a0\u00a0\u00a0\u00a0\u00a0\u00a0\u00a0\u00a0 Engstall 2 in 84359 Simbach am Inn Parkplatz am Alten&hellip;","og_url":"https:\/\/schellenberghaus.de\/?page_id=3499","og_site_name":"Schellenberghaus","article_modified_time":"2023-05-12T08:45:53+00:00","og_image":[{"width":640,"height":480,"url":"https:\/\/schellenberghaus.de\/wp-content\/uploads\/2023\/01\/Aussicht-1-1.jpeg","type":"image\/jpeg"}],"twitter_card":"summary_large_image","twitter_misc":{"Gesch\u00e4tzte Lesezeit":"1 Minute"},"schema":{"@context":"https:\/\/schema.org","@graph":[{"@type":"WebPage","@id":"https:\/\/schellenberghaus.de\/?page_id=3499","url":"https:\/\/schellenberghaus.de\/?page_id=3499","name":"Anfahrt - Schellenberghaus","isPartOf":{"@id":"https:\/\/schellenberghaus.de\/#website"},"datePublished":"2023-01-24T13:54:24+00:00","dateModified":"2023-05-12T08:45:53+00:00","breadcrumb":{"@id":"https:\/\/schellenberghaus.de\/?page_id=3499#breadcrumb"},"inLanguage":"de-DE","potentialAction":[{"@type":"ReadAction","target":["https:\/\/schellenberghaus.de\/?page_id=3499"]}]},{"@type":"BreadcrumbList","@id":"https:\/\/schellenberghaus.de\/?page_id=3499#breadcrumb","itemListElement":[{"@type":"ListItem","position":1,"name":"Startseite","item":"https:\/\/schellenberghaus.de\/"},{"@type":"ListItem","position":2,"name":"Anfahrt"}]},{"@type":"WebSite","@id":"https:\/\/schellenberghaus.de\/#website","url":"https:\/\/schellenberghaus.de\/","name":"Schellenberghaus","description":"","publisher":{"@id":"https:\/\/schellenberghaus.de\/#organization"},"potentialAction":[{"@type":"SearchAction","target":{"@type":"EntryPoint","urlTemplate":"https:\/\/schellenberghaus.de\/?s={search_term_string}"},"query-input":"required name=search_term_string"}],"inLanguage":"de-DE"},{"@type":"Organization","@id":"https:\/\/schellenberghaus.de\/#organization","name":"Schellenberghaus","url":"https:\/\/schellenberghaus.de\/","logo":{"@type":"ImageObject","inLanguage":"de-DE","@id":"https:\/\/schellenberghaus.de\/#\/schema\/logo\/image\/","url":"https:\/\/schellenberghaus.de\/wp-content\/uploads\/2023\/01\/Schellenberg_logo_platzhalter_weiss.png","contentUrl":"https:\/\/schellenberghaus.de\/wp-content\/uploads\/2023\/01\/Schellenberg_logo_platzhalter_weiss.png","width":229,"height":150,"caption":"Schellenberghaus"},"image":{"@id":"https:\/\/schellenberghaus.de\/#\/schema\/logo\/image\/"}}]}},"_links":{"self":[{"href":"https:\/\/schellenberghaus.de\/index.php?rest_route=\/wp\/v2\/pages\/3499"}],"collection":[{"href":"https:\/\/schellenberghaus.de\/index.php?rest_route=\/wp\/v2\/pages"}],"about":[{"href":"https:\/\/schellenberghaus.de\/index.php?rest_route=\/wp\/v2\/types\/page"}],"author":[{"embeddable":true,"href":"https:\/\/schellenberghaus.de\/index.php?rest_route=\/wp\/v2\/users\/1"}],"replies":[{"embeddable":true,"href":"https:\/\/schellenberghaus.de\/index.php?rest_route=%2Fwp%2Fv2%2Fcomments&post=3499"}],"version-history":[{"count":12,"href":"https:\/\/schellenberghaus.de\/index.php?rest_route=\/wp\/v2\/pages\/3499\/revisions"}],"predecessor-version":[{"id":3916,"href":"https:\/\/schellenberghaus.de\/index.php?rest_route=\/wp\/v2\/pages\/3499\/revisions\/3916"}],"wp:featuredmedia":[{"embeddable":true,"href":"https:\/\/schellenberghaus.de\/index.php?rest_route=\/wp\/v2\/media\/3485"}],"wp:attachment":[{"href":"https:\/\/schellenberghaus.de\/index.php?rest_route=%2Fwp%2Fv2%2Fmedia&parent=3499"}],"curies":[{"name":"wp","href":"https:\/\/api.w.org\/{rel}","templated":true}]}}