{"id":11,"date":"2021-05-02T12:03:29","date_gmt":"2021-05-02T12:03:29","guid":{"rendered":"https:\/\/the7.io\/winery\/?page_id=2"},"modified":"2023-03-10T17:58:09","modified_gmt":"2023-03-10T16:58:09","slug":"kontakt","status":"publish","type":"page","link":"https:\/\/schellenberghaus.de\/?page_id=11","title":{"rendered":"Kontakt"},"content":{"rendered":"\t\t<div data-elementor-type=\"wp-page\" data-elementor-id=\"11\" class=\"elementor elementor-11\">\n\t\t\t\t\t\t\t\t\t<section class=\"elementor-section elementor-top-section elementor-element elementor-element-9725aef elementor-section-boxed elementor-section-height-default elementor-section-height-default\" data-id=\"9725aef\" data-element_type=\"section\">\n\t\t\t\t\t\t<div class=\"elementor-container elementor-column-gap-wide\">\n\t\t\t\t\t<div class=\"elementor-column elementor-col-100 elementor-top-column elementor-element elementor-element-3ec961b\" data-id=\"3ec961b\" data-element_type=\"column\">\n\t\t\t<div class=\"elementor-widget-wrap elementor-element-populated\">\n\t\t\t\t\t\t\t\t<div class=\"elementor-element elementor-element-c86f7ec elementor-widget elementor-widget-text-editor\" data-id=\"c86f7ec\" data-element_type=\"widget\" data-widget_type=\"text-editor.default\">\n\t\t\t\t<div class=\"elementor-widget-container\">\n\t\t\t\t\t\t\t\t\t\t\t\t\t<\/div>\n\t\t\t\t<\/div>\n\t\t\t\t<div class=\"elementor-element elementor-element-a054bf1 elementor-widget elementor-widget-spacer\" data-id=\"a054bf1\" data-element_type=\"widget\" data-widget_type=\"spacer.default\">\n\t\t\t\t<div class=\"elementor-widget-container\">\n\t\t\t\t\t<div class=\"elementor-spacer\">\n\t\t\t<div class=\"elementor-spacer-inner\"><\/div>\n\t\t<\/div>\n\t\t\t\t<\/div>\n\t\t\t\t<\/div>\n\t\t\t\t<div class=\"elementor-element elementor-element-4f60837 elementor-widget elementor-widget-heading\" data-id=\"4f60837\" data-element_type=\"widget\" data-widget_type=\"heading.default\">\n\t\t\t\t<div class=\"elementor-widget-container\">\n\t\t\t<h5 class=\"elementor-heading-title elementor-size-default\">Wir sind jederzeit f\u00fcr Sie da und freuen uns auf Ihre Email, Ihren Anruf oder einen Besuch!\n<br><br>\nKeine Reservierungen \u00fcber Email!<\/h5>\t\t<\/div>\n\t\t\t\t<\/div>\n\t\t\t\t<div class=\"elementor-element elementor-element-828b849 elementor-widget elementor-widget-spacer\" data-id=\"828b849\" data-element_type=\"widget\" data-widget_type=\"spacer.default\">\n\t\t\t\t<div class=\"elementor-widget-container\">\n\t\t\t\t\t<div class=\"elementor-spacer\">\n\t\t\t<div class=\"elementor-spacer-inner\"><\/div>\n\t\t<\/div>\n\t\t\t\t<\/div>\n\t\t\t\t<\/div>\n\t\t\t\t<div class=\"elementor-element elementor-element-188ade2 elementor-widget elementor-widget-heading\" data-id=\"188ade2\" data-element_type=\"widget\" data-widget_type=\"heading.default\">\n\t\t\t\t<div class=\"elementor-widget-container\">\n\t\t\t<h5 class=\"elementor-heading-title elementor-size-default\">Tel: (0049) 0151 19 49 19 63<\/h5>\t\t<\/div>\n\t\t\t\t<\/div>\n\t\t\t\t<div class=\"elementor-element elementor-element-df8e059 elementor-widget elementor-widget-spacer\" data-id=\"df8e059\" data-element_type=\"widget\" data-widget_type=\"spacer.default\">\n\t\t\t\t<div class=\"elementor-widget-container\">\n\t\t\t\t\t<div class=\"elementor-spacer\">\n\t\t\t<div class=\"elementor-spacer-inner\"><\/div>\n\t\t<\/div>\n\t\t\t\t<\/div>\n\t\t\t\t<\/div>\n\t\t\t\t<div class=\"elementor-element elementor-element-2d5b86b elementor-widget elementor-widget-heading\" data-id=\"2d5b86b\" data-element_type=\"widget\" data-widget_type=\"heading.default\">\n\t\t\t\t<div class=\"elementor-widget-container\">\n\t\t\t<h5 class=\"elementor-heading-title elementor-size-default\">Schellenbergstra\u00dfe 1, 84359 Simbach am Inn - Kirchberg<\/h5>\t\t<\/div>\n\t\t\t\t<\/div>\n\t\t\t\t<div class=\"elementor-element elementor-element-b261e98 elementor-widget elementor-widget-spacer\" data-id=\"b261e98\" data-element_type=\"widget\" data-widget_type=\"spacer.default\">\n\t\t\t\t<div class=\"elementor-widget-container\">\n\t\t\t\t\t<div class=\"elementor-spacer\">\n\t\t\t<div class=\"elementor-spacer-inner\"><\/div>\n\t\t<\/div>\n\t\t\t\t<\/div>\n\t\t\t\t<\/div>\n\t\t\t\t<div class=\"elementor-element elementor-element-26f33d3 elementor-align-center elementor-widget elementor-widget-the7_button_widget\" data-id=\"26f33d3\" data-element_type=\"widget\" data-widget_type=\"the7_button_widget.default\">\n\t\t\t\t<div class=\"elementor-widget-container\">\n\t\t\t<div class=\"elementor-button-wrapper\"><a href=\"https:\/\/goo.gl\/maps\/bUkp4ehm1SRBqRcg9\" class=\"box-button elementor-button elementor-size-md\">Anfahrt<i aria-hidden=\"true\" class=\"elementor-button-icon fas fa-map-pin\"><\/i><\/a><\/div>\t\t<\/div>\n\t\t\t\t<\/div>\n\t\t\t\t\t<\/div>\n\t\t<\/div>\n\t\t\t\t\t\t\t<\/div>\n\t\t<\/section>\n\t\t\t\t\t\t\t<\/div>\n\t\t","protected":false},"excerpt":{"rendered":"<p>Wir sind jederzeit f\u00fcr Sie da und freuen uns auf Ihre Email, Ihren Anruf oder einen Besuch! Keine Reservierungen \u00fcber Email! Tel: (0049) 0151 19 49 19 63 Schellenbergstra\u00dfe 1, 84359 Simbach am Inn &#8211; Kirchberg Anfahrt<\/p>\n","protected":false},"author":1,"featured_media":3394,"parent":0,"menu_order":99,"comment_status":"closed","ping_status":"closed","template":"","meta":[],"yoast_head":"<!-- This site is optimized with the Yoast SEO plugin v20.2 - https:\/\/yoast.com\/wordpress\/plugins\/seo\/ -->\n<title>Kontakt - Schellenberghaus<\/title>\n<meta name=\"robots\" content=\"index, follow, max-snippet:-1, max-image-preview:large, max-video-preview:-1\" \/>\n<link rel=\"canonical\" href=\"https:\/\/schellenberghaus.de\/?page_id=11\" \/>\n<meta property=\"og:locale\" content=\"de_DE\" \/>\n<meta property=\"og:type\" content=\"article\" \/>\n<meta property=\"og:title\" content=\"Kontakt - Schellenberghaus\" \/>\n<meta property=\"og:description\" content=\"Wir sind jederzeit f\u00fcr Sie da und freuen uns auf Ihre Email, Ihren Anruf oder einen Besuch! Keine Reservierungen \u00fcber Email! Tel: (0049) 0151 19 49 19 63 Schellenbergstra\u00dfe 1, 84359 Simbach am Inn &#8211; Kirchberg Anfahrt\" \/>\n<meta property=\"og:url\" content=\"https:\/\/schellenberghaus.de\/?page_id=11\" \/>\n<meta property=\"og:site_name\" content=\"Schellenberghaus\" \/>\n<meta property=\"article:modified_time\" content=\"2023-03-10T16:58:09+00:00\" \/>\n<meta property=\"og:image\" content=\"https:\/\/schellenberghaus.de\/wp-content\/uploads\/2023\/01\/IMG_8822.jpeg\" \/>\n\t<meta property=\"og:image:width\" content=\"640\" \/>\n\t<meta property=\"og:image:height\" content=\"427\" \/>\n\t<meta property=\"og:image:type\" content=\"image\/jpeg\" \/>\n<meta name=\"twitter:card\" content=\"summary_large_image\" \/>\n<meta name=\"twitter:label1\" content=\"Gesch\u00e4tzte Lesezeit\" \/>\n\t<meta name=\"twitter:data1\" content=\"1 Minute\" \/>\n<script type=\"application\/ld+json\" class=\"yoast-schema-graph\">{\"@context\":\"https:\/\/schema.org\",\"@graph\":[{\"@type\":\"WebPage\",\"@id\":\"https:\/\/schellenberghaus.de\/?page_id=11\",\"url\":\"https:\/\/schellenberghaus.de\/?page_id=11\",\"name\":\"Kontakt - Schellenberghaus\",\"isPartOf\":{\"@id\":\"https:\/\/schellenberghaus.de\/#website\"},\"datePublished\":\"2021-05-02T12:03:29+00:00\",\"dateModified\":\"2023-03-10T16:58:09+00:00\",\"breadcrumb\":{\"@id\":\"https:\/\/schellenberghaus.de\/?page_id=11#breadcrumb\"},\"inLanguage\":\"de-DE\",\"potentialAction\":[{\"@type\":\"ReadAction\",\"target\":[\"https:\/\/schellenberghaus.de\/?page_id=11\"]}]},{\"@type\":\"BreadcrumbList\",\"@id\":\"https:\/\/schellenberghaus.de\/?page_id=11#breadcrumb\",\"itemListElement\":[{\"@type\":\"ListItem\",\"position\":1,\"name\":\"Startseite\",\"item\":\"https:\/\/schellenberghaus.de\/\"},{\"@type\":\"ListItem\",\"position\":2,\"name\":\"Kontakt\"}]},{\"@type\":\"WebSite\",\"@id\":\"https:\/\/schellenberghaus.de\/#website\",\"url\":\"https:\/\/schellenberghaus.de\/\",\"name\":\"Schellenberghaus\",\"description\":\"\",\"publisher\":{\"@id\":\"https:\/\/schellenberghaus.de\/#organization\"},\"potentialAction\":[{\"@type\":\"SearchAction\",\"target\":{\"@type\":\"EntryPoint\",\"urlTemplate\":\"https:\/\/schellenberghaus.de\/?s={search_term_string}\"},\"query-input\":\"required name=search_term_string\"}],\"inLanguage\":\"de-DE\"},{\"@type\":\"Organization\",\"@id\":\"https:\/\/schellenberghaus.de\/#organization\",\"name\":\"Schellenberghaus\",\"url\":\"https:\/\/schellenberghaus.de\/\",\"logo\":{\"@type\":\"ImageObject\",\"inLanguage\":\"de-DE\",\"@id\":\"https:\/\/schellenberghaus.de\/#\/schema\/logo\/image\/\",\"url\":\"https:\/\/schellenberghaus.de\/wp-content\/uploads\/2023\/01\/Schellenberg_logo_platzhalter_weiss.png\",\"contentUrl\":\"https:\/\/schellenberghaus.de\/wp-content\/uploads\/2023\/01\/Schellenberg_logo_platzhalter_weiss.png\",\"width\":229,\"height\":150,\"caption\":\"Schellenberghaus\"},\"image\":{\"@id\":\"https:\/\/schellenberghaus.de\/#\/schema\/logo\/image\/\"}}]}<\/script>\n<!-- \/ Yoast SEO plugin. -->","yoast_head_json":{"title":"Kontakt - Schellenberghaus","robots":{"index":"index","follow":"follow","max-snippet":"max-snippet:-1","max-image-preview":"max-image-preview:large","max-video-preview":"max-video-preview:-1"},"canonical":"https:\/\/schellenberghaus.de\/?page_id=11","og_locale":"de_DE","og_type":"article","og_title":"Kontakt - Schellenberghaus","og_description":"Wir sind jederzeit f\u00fcr Sie da und freuen uns auf Ihre Email, Ihren Anruf oder einen Besuch! Keine Reservierungen \u00fcber Email! Tel: (0049) 0151 19 49 19 63 Schellenbergstra\u00dfe 1, 84359 Simbach am Inn &#8211; Kirchberg Anfahrt","og_url":"https:\/\/schellenberghaus.de\/?page_id=11","og_site_name":"Schellenberghaus","article_modified_time":"2023-03-10T16:58:09+00:00","og_image":[{"width":640,"height":427,"url":"https:\/\/schellenberghaus.de\/wp-content\/uploads\/2023\/01\/IMG_8822.jpeg","type":"image\/jpeg"}],"twitter_card":"summary_large_image","twitter_misc":{"Gesch\u00e4tzte Lesezeit":"1 Minute"},"schema":{"@context":"https:\/\/schema.org","@graph":[{"@type":"WebPage","@id":"https:\/\/schellenberghaus.de\/?page_id=11","url":"https:\/\/schellenberghaus.de\/?page_id=11","name":"Kontakt - Schellenberghaus","isPartOf":{"@id":"https:\/\/schellenberghaus.de\/#website"},"datePublished":"2021-05-02T12:03:29+00:00","dateModified":"2023-03-10T16:58:09+00:00","breadcrumb":{"@id":"https:\/\/schellenberghaus.de\/?page_id=11#breadcrumb"},"inLanguage":"de-DE","potentialAction":[{"@type":"ReadAction","target":["https:\/\/schellenberghaus.de\/?page_id=11"]}]},{"@type":"BreadcrumbList","@id":"https:\/\/schellenberghaus.de\/?page_id=11#breadcrumb","itemListElement":[{"@type":"ListItem","position":1,"name":"Startseite","item":"https:\/\/schellenberghaus.de\/"},{"@type":"ListItem","position":2,"name":"Kontakt"}]},{"@type":"WebSite","@id":"https:\/\/schellenberghaus.de\/#website","url":"https:\/\/schellenberghaus.de\/","name":"Schellenberghaus","description":"","publisher":{"@id":"https:\/\/schellenberghaus.de\/#organization"},"potentialAction":[{"@type":"SearchAction","target":{"@type":"EntryPoint","urlTemplate":"https:\/\/schellenberghaus.de\/?s={search_term_string}"},"query-input":"required name=search_term_string"}],"inLanguage":"de-DE"},{"@type":"Organization","@id":"https:\/\/schellenberghaus.de\/#organization","name":"Schellenberghaus","url":"https:\/\/schellenberghaus.de\/","logo":{"@type":"ImageObject","inLanguage":"de-DE","@id":"https:\/\/schellenberghaus.de\/#\/schema\/logo\/image\/","url":"https:\/\/schellenberghaus.de\/wp-content\/uploads\/2023\/01\/Schellenberg_logo_platzhalter_weiss.png","contentUrl":"https:\/\/schellenberghaus.de\/wp-content\/uploads\/2023\/01\/Schellenberg_logo_platzhalter_weiss.png","width":229,"height":150,"caption":"Schellenberghaus"},"image":{"@id":"https:\/\/schellenberghaus.de\/#\/schema\/logo\/image\/"}}]}},"_links":{"self":[{"href":"https:\/\/schellenberghaus.de\/index.php?rest_route=\/wp\/v2\/pages\/11"}],"collection":[{"href":"https:\/\/schellenberghaus.de\/index.php?rest_route=\/wp\/v2\/pages"}],"about":[{"href":"https:\/\/schellenberghaus.de\/index.php?rest_route=\/wp\/v2\/types\/page"}],"author":[{"embeddable":true,"href":"https:\/\/schellenberghaus.de\/index.php?rest_route=\/wp\/v2\/users\/1"}],"replies":[{"embeddable":true,"href":"https:\/\/schellenberghaus.de\/index.php?rest_route=%2Fwp%2Fv2%2Fcomments&post=11"}],"version-history":[{"count":7,"href":"https:\/\/schellenberghaus.de\/index.php?rest_route=\/wp\/v2\/pages\/11\/revisions"}],"predecessor-version":[{"id":3921,"href":"https:\/\/schellenberghaus.de\/index.php?rest_route=\/wp\/v2\/pages\/11\/revisions\/3921"}],"wp:featuredmedia":[{"embeddable":true,"href":"https:\/\/schellenberghaus.de\/index.php?rest_route=\/wp\/v2\/media\/3394"}],"wp:attachment":[{"href":"https:\/\/schellenberghaus.de\/index.php?rest_route=%2Fwp%2Fv2%2Fmedia&parent=11"}],"curies":[{"name":"wp","href":"https:\/\/api.w.org\/{rel}","templated":true}]}}